{"id":6824,"date":"2021-02-22T10:38:52","date_gmt":"2021-02-22T10:38:52","guid":{"rendered":"http:\/\/23music.com\/?page_id=6824"},"modified":"2021-02-26T10:29:47","modified_gmt":"2021-02-26T09:29:47","slug":"news","status":"publish","type":"page","link":"https:\/\/23music.com\/en\/news\/","title":{"rendered":"News"},"content":{"rendered":"\t\t<div data-elementor-type=\"wp-page\" data-elementor-id=\"6824\" class=\"elementor elementor-6824 elementor-203\" data-elementor-settings=\"[]\">\n\t\t\t\t\t\t<div class=\"elementor-inner\">\n\t\t\t\t\t\t\t<div class=\"elementor-section-wrap\">\n\t\t\t\t\t\t\t<section class=\"elementor-section elementor-top-section elementor-element elementor-element-cce312b elementor-section-boxed elementor-section-height-default elementor-section-height-default\" data-id=\"cce312b\" data-element_type=\"section\" data-settings=\"{&quot;background_background&quot;:&quot;classic&quot;}\">\n\t\t\t\t\t\t<div class=\"elementor-container elementor-column-gap-default\">\n\t\t\t\t\t\t\t<div class=\"elementor-row\">\n\t\t\t\t\t<div class=\"elementor-column elementor-col-50 elementor-top-column elementor-element elementor-element-6815653\" data-id=\"6815653\" data-element_type=\"column\">\n\t\t\t<div class=\"elementor-column-wrap elementor-element-populated\">\n\t\t\t\t\t\t\t<div class=\"elementor-widget-wrap\">\n\t\t\t\t\t\t<div class=\"elementor-element elementor-element-99211c3 elementor-grid-3 elementor-grid-tablet-2 elementor-grid-mobile-1 elementor-posts--thumbnail-top elementor-widget elementor-widget-posts\" data-id=\"99211c3\" data-element_type=\"widget\" data-settings=\"{&quot;classic_masonry&quot;:&quot;yes&quot;,&quot;classic_columns&quot;:&quot;3&quot;,&quot;classic_columns_tablet&quot;:&quot;2&quot;,&quot;classic_columns_mobile&quot;:&quot;1&quot;,&quot;classic_row_gap&quot;:{&quot;unit&quot;:&quot;px&quot;,&quot;size&quot;:35,&quot;sizes&quot;:[]}}\" data-widget_type=\"posts.classic\">\n\t\t\t\t<div class=\"elementor-widget-container\">\n\t\t\t\t\t<div class=\"elementor-posts-container elementor-posts elementor-posts--skin-classic elementor-grid\">\n\t\t\t\t<article class=\"elementor-post elementor-grid-item post-7632 post type-post status-publish format-standard has-post-thumbnail hentry category-news-en\">\n\t\t\t\t<a class=\"elementor-post__thumbnail__link\" href=\"https:\/\/23music.com\/en\/loredana-berte-prestera-la-sua-voce-a-un-personaggio-de-la-famiglia-addams\/\" >\n\t\t\t<div class=\"elementor-post__thumbnail\"><img width=\"1080\" height=\"1080\" src=\"https:\/\/23music.com\/wp-content\/uploads\/2021\/01\/famiglia-addams.jpg\" class=\"attachment-full size-full\" alt=\"\" loading=\"lazy\" srcset=\"https:\/\/23music.com\/wp-content\/uploads\/2021\/01\/famiglia-addams.jpg 1080w, https:\/\/23music.com\/wp-content\/uploads\/2021\/01\/famiglia-addams-300x300.jpg 300w, https:\/\/23music.com\/wp-content\/uploads\/2021\/01\/famiglia-addams-1024x1024.jpg 1024w, https:\/\/23music.com\/wp-content\/uploads\/2021\/01\/famiglia-addams-150x150.jpg 150w, https:\/\/23music.com\/wp-content\/uploads\/2021\/01\/famiglia-addams-768x768.jpg 768w\" sizes=\"(max-width: 1080px) 100vw, 1080px\" \/><\/div>\n\t\t<\/a>\n\t\t\t\t<div class=\"elementor-post__text\">\n\t\t\t\t<h3 class=\"elementor-post__title\">\n\t\t\t<a href=\"https:\/\/23music.com\/en\/loredana-berte-prestera-la-sua-voce-a-un-personaggio-de-la-famiglia-addams\/\" >\n\t\t\t\tLOREDANA BERT\u00c8 PRESTER\u00c0 LA SUA VOCE A UN PERSONAGGIO DE \u201cLA FAMIGLIA ADDAMS\u201d\t\t\t<\/a>\n\t\t<\/h3>\n\t\t\t\t<div class=\"elementor-post__meta-data\">\n\t\t\t\t\t<span class=\"elementor-post-date\">\n\t\t\t23 May 2019\t\t<\/span>\n\t\t\t\t<\/div>\n\t\t\t\t<div class=\"elementor-post__excerpt\">\n\t\t\t<p>Una delle voci pi\u00f9 amate della musica italiana debutta sul grande schermo LOREDANA BERT\u00c8 PRESTER\u00c0 LA SUA VOCE AL PERSONAGGIO DOPPIATO NEGLI USA DALLA GRANDE<\/p>\n\t\t<\/div>\n\t\t\t\t<\/div>\n\t\t\t\t<\/article>\n\t\t\t\t<article class=\"elementor-post elementor-grid-item post-7638 post type-post status-publish format-standard has-post-thumbnail hentry category-news-en\">\n\t\t\t\t<a class=\"elementor-post__thumbnail__link\" href=\"https:\/\/23music.com\/en\/eurovision-2019-prima-semifinale-tra-i-dieci-qualificati-ce-san-marino\/\" >\n\t\t\t<div class=\"elementor-post__thumbnail\"><img width=\"720\" height=\"400\" src=\"https:\/\/23music.com\/wp-content\/uploads\/2021\/01\/eurovision-19.jpg\" class=\"attachment-full size-full\" alt=\"\" loading=\"lazy\" srcset=\"https:\/\/23music.com\/wp-content\/uploads\/2021\/01\/eurovision-19.jpg 720w, https:\/\/23music.com\/wp-content\/uploads\/2021\/01\/eurovision-19-300x167.jpg 300w\" sizes=\"(max-width: 720px) 100vw, 720px\" \/><\/div>\n\t\t<\/a>\n\t\t\t\t<div class=\"elementor-post__text\">\n\t\t\t\t<h3 class=\"elementor-post__title\">\n\t\t\t<a href=\"https:\/\/23music.com\/en\/eurovision-2019-prima-semifinale-tra-i-dieci-qualificati-ce-san-marino\/\" >\n\t\t\t\tEUROVISION 2019, PRIMA SEMIFINALE: TRA I DIECI QUALIFICATI C\u2019\u00c8 SAN MARINO\t\t\t<\/a>\n\t\t<\/h3>\n\t\t\t\t<div class=\"elementor-post__meta-data\">\n\t\t\t\t\t<span class=\"elementor-post-date\">\n\t\t\t16 May 2019\t\t<\/span>\n\t\t\t\t<\/div>\n\t\t\t\t<div class=\"elementor-post__excerpt\">\n\t\t\t<p>La lunga attesa \u00e8 finita. Con la prima semifinale andata in onda dall\u2019Expo Tel Aviv in Israele, \u00e8 iniziata ufficialmente la maratona settimanale dell\u2019Eurovision Song<\/p>\n\t\t<\/div>\n\t\t\t\t<\/div>\n\t\t\t\t<\/article>\n\t\t\t\t<article class=\"elementor-post elementor-grid-item post-7646 post type-post status-publish format-standard has-post-thumbnail hentry category-news-en\">\n\t\t\t\t<a class=\"elementor-post__thumbnail__link\" href=\"https:\/\/23music.com\/en\/il-giornale-it-sanremo-2019-standing-ovation-per-loredana-berte\/\" >\n\t\t\t<div class=\"elementor-post__thumbnail\"><img width=\"520\" height=\"800\" src=\"https:\/\/23music.com\/wp-content\/uploads\/2021\/01\/il-giornale-sanremo.jpg\" class=\"attachment-full size-full\" alt=\"\" loading=\"lazy\" srcset=\"https:\/\/23music.com\/wp-content\/uploads\/2021\/01\/il-giornale-sanremo.jpg 520w, https:\/\/23music.com\/wp-content\/uploads\/2021\/01\/il-giornale-sanremo-195x300.jpg 195w\" sizes=\"(max-width: 520px) 100vw, 520px\" \/><\/div>\n\t\t<\/a>\n\t\t\t\t<div class=\"elementor-post__text\">\n\t\t\t\t<h3 class=\"elementor-post__title\">\n\t\t\t<a href=\"https:\/\/23music.com\/en\/il-giornale-it-sanremo-2019-standing-ovation-per-loredana-berte\/\" >\n\t\t\t\tIL GIORNALE.IT \u2013 SANREMO 2019, STANDING OVATION PER LOREDANA BERT\u00c8\t\t\t<\/a>\n\t\t<\/h3>\n\t\t\t\t<div class=\"elementor-post__meta-data\">\n\t\t\t\t\t<span class=\"elementor-post-date\">\n\t\t\t27 February 2019\t\t<\/span>\n\t\t\t\t<\/div>\n\t\t\t\t<div class=\"elementor-post__excerpt\">\n\t\t\t<p>Loredana Bert\u00e8 \u00e8 stata apprezzatissima dal pubblico del Festival di Sanremo 2019, sia quello presente all\u2019Ariston, sia quello che ha decantato le sue doti sui<\/p>\n\t\t<\/div>\n\t\t\t\t<\/div>\n\t\t\t\t<\/article>\n\t\t\t\t<article class=\"elementor-post elementor-grid-item post-7642 post type-post status-publish format-standard has-post-thumbnail hentry category-news-en\">\n\t\t\t\t<a class=\"elementor-post__thumbnail__link\" href=\"https:\/\/23music.com\/en\/il-messaggero-it-loredana-berte-rivincita-su-sanremo-il-suo-disco-e-nella-top-di-spotify\/\" >\n\t\t\t<div class=\"elementor-post__thumbnail\"><img width=\"613\" height=\"556\" src=\"https:\/\/23music.com\/wp-content\/uploads\/2021\/01\/ilmessaggero.it_.jpg\" class=\"attachment-full size-full\" alt=\"\" loading=\"lazy\" srcset=\"https:\/\/23music.com\/wp-content\/uploads\/2021\/01\/ilmessaggero.it_.jpg 613w, https:\/\/23music.com\/wp-content\/uploads\/2021\/01\/ilmessaggero.it_-300x272.jpg 300w\" sizes=\"(max-width: 613px) 100vw, 613px\" \/><\/div>\n\t\t<\/a>\n\t\t\t\t<div class=\"elementor-post__text\">\n\t\t\t\t<h3 class=\"elementor-post__title\">\n\t\t\t<a href=\"https:\/\/23music.com\/en\/il-messaggero-it-loredana-berte-rivincita-su-sanremo-il-suo-disco-e-nella-top-di-spotify\/\" >\n\t\t\t\tIL MESSAGGERO.IT \u2013 LOREDANA BERT\u00c8, RIVINCITA SU SANREMO IL SUO DISCO \u00c8 NELLA TOP DI SPOTIFY\t\t\t<\/a>\n\t\t<\/h3>\n\t\t\t\t<div class=\"elementor-post__meta-data\">\n\t\t\t\t\t<span class=\"elementor-post-date\">\n\t\t\t27 February 2019\t\t<\/span>\n\t\t\t\t<\/div>\n\t\t\t\t<div class=\"elementor-post__excerpt\">\n\t\t\t<p>Il festival di Sanremo non l\u2019ha premiata, ma Loredana Bert\u00e8, sulle scene da pi\u00f9 di 40 anni, si prende la sua rivincita nelle classifiche. \u201cCosa<\/p>\n\t\t<\/div>\n\t\t\t\t<\/div>\n\t\t\t\t<\/article>\n\t\t\t\t<article class=\"elementor-post elementor-grid-item post-7650 post type-post status-publish format-standard has-post-thumbnail hentry category-news-en\">\n\t\t\t\t<a class=\"elementor-post__thumbnail__link\" href=\"https:\/\/23music.com\/en\/esc-2019-serhat-rappresentera-san-marino-a-tel-aviv\/\" >\n\t\t\t<div class=\"elementor-post__thumbnail\"><img width=\"400\" height=\"515\" src=\"https:\/\/23music.com\/wp-content\/uploads\/2021\/01\/serhat@eurovision_2019_400x515.jpg\" class=\"attachment-full size-full\" alt=\"\" loading=\"lazy\" srcset=\"https:\/\/23music.com\/wp-content\/uploads\/2021\/01\/serhat@eurovision_2019_400x515.jpg 400w, https:\/\/23music.com\/wp-content\/uploads\/2021\/01\/serhat@eurovision_2019_400x515-233x300.jpg 233w\" sizes=\"(max-width: 400px) 100vw, 400px\" \/><\/div>\n\t\t<\/a>\n\t\t\t\t<div class=\"elementor-post__text\">\n\t\t\t\t<h3 class=\"elementor-post__title\">\n\t\t\t<a href=\"https:\/\/23music.com\/en\/esc-2019-serhat-rappresentera-san-marino-a-tel-aviv\/\" >\n\t\t\t\tESC 2019: SERHAT RAPPRESENTER\u00c0 SAN MARINO A TEL AVIV\t\t\t<\/a>\n\t\t<\/h3>\n\t\t\t\t<div class=\"elementor-post__meta-data\">\n\t\t\t\t\t<span class=\"elementor-post-date\">\n\t\t\t21 January 2019\t\t<\/span>\n\t\t\t\t<\/div>\n\t\t\t\t<div class=\"elementor-post__excerpt\">\n\t\t\t<p>Una faccia conosciuta, quella di Serhat. Sar\u00e0 lui a rappresentare San Marino al prossimo Eurovision Song Contest di Tel Aviv. Oggi la conferenza stampa che<\/p>\n\t\t<\/div>\n\t\t\t\t<\/div>\n\t\t\t\t<\/article>\n\t\t\t\t<article class=\"elementor-post elementor-grid-item post-7652 post type-post status-publish format-standard has-post-thumbnail hentry category-news-en\">\n\t\t\t\t<a class=\"elementor-post__thumbnail__link\" href=\"https:\/\/23music.com\/en\/loredana-berte-partecipera-al-prossimo-festival-di-sanremo\/\" >\n\t\t\t<div class=\"elementor-post__thumbnail\"><img width=\"1200\" height=\"600\" src=\"https:\/\/23music.com\/wp-content\/uploads\/2021\/01\/loredana_berte@sanremo_2019.jpg\" class=\"attachment-full size-full\" alt=\"\" loading=\"lazy\" srcset=\"https:\/\/23music.com\/wp-content\/uploads\/2021\/01\/loredana_berte@sanremo_2019.jpg 1200w, https:\/\/23music.com\/wp-content\/uploads\/2021\/01\/loredana_berte@sanremo_2019-300x150.jpg 300w, https:\/\/23music.com\/wp-content\/uploads\/2021\/01\/loredana_berte@sanremo_2019-1024x512.jpg 1024w, https:\/\/23music.com\/wp-content\/uploads\/2021\/01\/loredana_berte@sanremo_2019-768x384.jpg 768w\" sizes=\"(max-width: 1200px) 100vw, 1200px\" \/><\/div>\n\t\t<\/a>\n\t\t\t\t<div class=\"elementor-post__text\">\n\t\t\t\t<h3 class=\"elementor-post__title\">\n\t\t\t<a href=\"https:\/\/23music.com\/en\/loredana-berte-partecipera-al-prossimo-festival-di-sanremo\/\" >\n\t\t\t\tLOREDANA BERT\u00c8 PARTECIPER\u00c0 AL PROSSIMO FESTIVAL DI SANREMO\t\t\t<\/a>\n\t\t<\/h3>\n\t\t\t\t<div class=\"elementor-post__meta-data\">\n\t\t\t\t\t<span class=\"elementor-post-date\">\n\t\t\t28 December 2018\t\t<\/span>\n\t\t\t\t<\/div>\n\t\t\t\t<div class=\"elementor-post__excerpt\">\n\t\t\t<p>\u00c8 ufficiale: Loredana parteciper\u00e0 al prossimo Festival Di Sanremo. Si presenter\u00e0 in gara con un brano dal titolo \u201cCosa ti aspetti da me\u201d firmata Curreri\/Pulli\/Romitelli.<\/p>\n\t\t<\/div>\n\t\t\t\t<\/div>\n\t\t\t\t<\/article>\n\t\t\t\t<\/div>\n\t\t\t\t<nav class=\"elementor-pagination\" role=\"navigation\" aria-label=\"Pagination\">\n\t\t\t<span class=\"page-numbers prev\">\u00ab Back<\/span>\n<span aria-current=\"page\" class=\"page-numbers current\"><span class=\"elementor-screen-only\">Page<\/span>1<\/span>\n<a class=\"page-numbers\" href=\"https:\/\/23music.com\/en\/wp-json\/wp\/v2\/pages\/6824\/page\/2\/\"><span class=\"elementor-screen-only\">Page<\/span>2<\/a>\n<a class=\"page-numbers next\" href=\"https:\/\/23music.com\/en\/wp-json\/wp\/v2\/pages\/6824\/page\/2\/\">Next \u00bb<\/a>\t\t<\/nav>\n\t\t\t\t<\/div>\n\t\t\t\t<\/div>\n\t\t\t\t\t\t<\/div>\n\t\t\t\t\t<\/div>\n\t\t<\/div>\n\t\t\t\t<div class=\"elementor-column elementor-col-50 elementor-top-column elementor-element elementor-element-30b828f\" data-id=\"30b828f\" data-element_type=\"column\" data-settings=\"{&quot;background_background&quot;:&quot;classic&quot;}\">\n\t\t\t<div class=\"elementor-column-wrap elementor-element-populated\">\n\t\t\t\t\t\t\t<div class=\"elementor-widget-wrap\">\n\t\t\t\t\t\t<div class=\"elementor-element elementor-element-4d293ab elementor-icon-list--layout-inline elementor-align-center elementor-list-item-link-full_width elementor-widget elementor-widget-icon-list\" data-id=\"4d293ab\" data-element_type=\"widget\" data-widget_type=\"icon-list.default\">\n\t\t\t\t<div class=\"elementor-widget-container\">\n\t\t\t\t\t<ul class=\"elementor-icon-list-items elementor-inline-items\">\n\t\t\t\t\t\t\t<li class=\"elementor-icon-list-item elementor-inline-item\">\n\t\t\t\t\t<a href=\"https:\/\/www.facebook.com\/23-MUSIC-ENTERTAINMENT-SRL-196009573770643\/\" target=\"_blank\">\t\t\t\t\t\t<span class=\"elementor-icon-list-icon\">\n\t\t\t\t\t\t\t<i aria-hidden=\"true\" class=\"fab fa-facebook-square\"><\/i>\t\t\t\t\t\t<\/span>\n\t\t\t\t\t\t\t\t\t\t<span class=\"elementor-icon-list-text\">Follow Us<\/span>\n\t\t\t\t\t\t\t\t\t\t\t<\/a>\n\t\t\t\t\t\t\t\t\t<\/li>\n\t\t\t\t\t\t<\/ul>\n\t\t\t\t<\/div>\n\t\t\t\t<\/div>\n\t\t\t\t<div class=\"elementor-element elementor-element-9546c4c elementor-widget elementor-widget-text-editor\" data-id=\"9546c4c\" data-element_type=\"widget\" data-widget_type=\"text-editor.default\">\n\t\t\t\t<div class=\"elementor-widget-container\">\n\t\t\t\t\t<div class=\"elementor-text-editor elementor-clearfix\"><p>To keep updated<\/p>\n<\/div>\n\t\t\t\t<\/div>\n\t\t\t\t<\/div>\n\t\t\t\t<div class=\"elementor-element elementor-element-749c266 elementor-widget elementor-widget-facebook-page\" data-id=\"749c266\" data-element_type=\"widget\" data-widget_type=\"facebook-page.default\">\n\t\t\t\t<div class=\"elementor-widget-container\">\n\t\t\t<div class=\"elementor-facebook-widget fb-page\" data-href=\"https:\/\/www.facebook.com\/23-MUSIC-ENTERTAINMENT-SRL-196009573770643\/\" data-tabs=\"timeline,messages\" data-height=\"1000px\" data-small-header=\"false\" data-hide-cover=\"false\" data-show-facepile=\"true\" data-hide-cta=\"false\" data-adapt-container-width=\"true\" style=\"min-height: 1px;height:1000px\"><\/div>\t\t<\/div>\n\t\t\t\t<\/div>\n\t\t\t\t<div class=\"elementor-element elementor-element-52da3fb elementor-widget elementor-widget-text-editor\" data-id=\"52da3fb\" data-element_type=\"widget\" data-widget_type=\"text-editor.default\">\n\t\t\t\t<div class=\"elementor-widget-container\">\n\t\t\t\t\t<div class=\"elementor-text-editor elementor-clearfix\"><p>On the next shows<\/p>\n<\/div>\n\t\t\t\t<\/div>\n\t\t\t\t<\/div>\n\t\t\t\t<div class=\"elementor-element elementor-element-9d80475 elementor-align-center elementor-widget elementor-widget-button\" data-id=\"9d80475\" data-element_type=\"widget\" data-widget_type=\"button.default\">\n\t\t\t\t<div class=\"elementor-widget-container\">\n\t\t\t\t\t<div class=\"elementor-button-wrapper\">\n\t\t\t<a href=\"https:\/\/23music.com\/en\/?page_id=6828\" class=\"elementor-button-link elementor-button elementor-size-sm\" role=\"button\">\n\t\t\t\t\t\t<span class=\"elementor-button-content-wrapper\">\n\t\t\t\t\t\t<span class=\"elementor-button-text\">events<\/span>\n\t\t<\/span>\n\t\t\t\t\t<\/a>\n\t\t<\/div>\n\t\t\t\t<\/div>\n\t\t\t\t<\/div>\n\t\t\t\t\t\t<\/div>\n\t\t\t\t\t<\/div>\n\t\t<\/div>\n\t\t\t\t\t\t\t\t<\/div>\n\t\t\t\t\t<\/div>\n\t\t<\/section>\n\t\t\t\t\t\t<\/div>\n\t\t\t\t\t\t<\/div>\n\t\t\t\t\t<\/div>\n\t\t","protected":false},"excerpt":{"rendered":"<p>Follow Us To keep updated On the next shows events<\/p>\n","protected":false},"author":1,"featured_media":0,"parent":0,"menu_order":0,"comment_status":"closed","ping_status":"closed","template":"elementor_header_footer","meta":{"_mi_skip_tracking":false},"yoast_head":"<!-- This site is optimized with the Yoast SEO plugin v15.9 - https:\/\/yoast.com\/wordpress\/plugins\/seo\/ -->\n<title>News | 23 Music Entertainment | Music Management &amp; Events<\/title>\n<meta name=\"description\" content=\"The latest news on the artists who rely on 23 Music Entertainment: Loredana Bert\u00e8, Sehrat and many others!\" \/>\n<meta name=\"robots\" content=\"index, follow, max-snippet:-1, max-image-preview:large, max-video-preview:-1\" \/>\n<link rel=\"canonical\" href=\"https:\/\/23music.com\/en\/news\/\" \/>\n<meta property=\"og:locale\" content=\"en_US\" \/>\n<meta property=\"og:type\" content=\"article\" \/>\n<meta property=\"og:title\" content=\"News | 23 Music Entertainment | Music Management &amp; Events\" \/>\n<meta property=\"og:description\" content=\"The latest news on the artists who rely on 23 Music Entertainment: Loredana Bert\u00e8, Sehrat and many others!\" \/>\n<meta property=\"og:url\" content=\"https:\/\/23music.com\/en\/news\/\" \/>\n<meta property=\"og:site_name\" content=\"23 Music\" \/>\n<meta property=\"article:modified_time\" content=\"2021-02-26T09:29:47+00:00\" \/>\n<meta name=\"twitter:card\" content=\"summary_large_image\" \/>\n<script type=\"application\/ld+json\" class=\"yoast-schema-graph\">{\"@context\":\"https:\/\/schema.org\",\"@graph\":[{\"@type\":\"WebSite\",\"@id\":\"https:\/\/23music.com\/#website\",\"url\":\"https:\/\/23music.com\/\",\"name\":\"23 Music\",\"description\":\"\",\"potentialAction\":[{\"@type\":\"SearchAction\",\"target\":\"https:\/\/23music.com\/?s={search_term_string}\",\"query-input\":\"required name=search_term_string\"}],\"inLanguage\":\"en-US\"},{\"@type\":\"WebPage\",\"@id\":\"https:\/\/23music.com\/en\/news\/#webpage\",\"url\":\"https:\/\/23music.com\/en\/news\/\",\"name\":\"News | 23 Music Entertainment | Music Management & Events\",\"isPartOf\":{\"@id\":\"https:\/\/23music.com\/#website\"},\"datePublished\":\"2021-02-22T10:38:52+00:00\",\"dateModified\":\"2021-02-26T09:29:47+00:00\",\"description\":\"The latest news on the artists who rely on 23 Music Entertainment: Loredana Bert\\u00e8, Sehrat and many others!\",\"breadcrumb\":{\"@id\":\"https:\/\/23music.com\/en\/news\/#breadcrumb\"},\"inLanguage\":\"en-US\",\"potentialAction\":[{\"@type\":\"ReadAction\",\"target\":[\"https:\/\/23music.com\/en\/news\/\"]}]},{\"@type\":\"BreadcrumbList\",\"@id\":\"https:\/\/23music.com\/en\/news\/#breadcrumb\",\"itemListElement\":[{\"@type\":\"ListItem\",\"position\":1,\"item\":{\"@type\":\"WebPage\",\"@id\":\"https:\/\/23music.com\/en\/\",\"url\":\"https:\/\/23music.com\/en\/\",\"name\":\"Home\"}},{\"@type\":\"ListItem\",\"position\":2,\"item\":{\"@type\":\"WebPage\",\"@id\":\"https:\/\/23music.com\/en\/news\/\",\"url\":\"https:\/\/23music.com\/en\/news\/\",\"name\":\"News\"}}]}]}<\/script>\n<!-- \/ Yoast SEO plugin. -->","_links":{"self":[{"href":"https:\/\/23music.com\/en\/wp-json\/wp\/v2\/pages\/6824"}],"collection":[{"href":"https:\/\/23music.com\/en\/wp-json\/wp\/v2\/pages"}],"about":[{"href":"https:\/\/23music.com\/en\/wp-json\/wp\/v2\/types\/page"}],"author":[{"embeddable":true,"href":"https:\/\/23music.com\/en\/wp-json\/wp\/v2\/users\/1"}],"replies":[{"embeddable":true,"href":"https:\/\/23music.com\/en\/wp-json\/wp\/v2\/comments?post=6824"}],"version-history":[{"count":6,"href":"https:\/\/23music.com\/en\/wp-json\/wp\/v2\/pages\/6824\/revisions"}],"predecessor-version":[{"id":12264,"href":"https:\/\/23music.com\/en\/wp-json\/wp\/v2\/pages\/6824\/revisions\/12264"}],"wp:attachment":[{"href":"https:\/\/23music.com\/en\/wp-json\/wp\/v2\/media?parent=6824"}],"curies":[{"name":"wp","href":"https:\/\/api.w.org\/{rel}","templated":true}]}}